{"id":2411,"date":"2023-03-13T10:51:19","date_gmt":"2023-03-13T09:51:19","guid":{"rendered":"http:\/\/www.immersion.fr\/?page_id=2411"},"modified":"2026-04-24T10:13:47","modified_gmt":"2026-04-24T08:13:47","slug":"legal-notices","status":"publish","type":"page","link":"https:\/\/www.immersion.fr\/en\/legal-notices\/","title":{"rendered":"Legal notices and Terms of Use"},"content":{"rendered":"\n<h2 class=\"wp-block-heading\">1. Website presentation.<\/h2>\n\n\n\n<p>The website www.immersion.fr (hereinafter referred to as the &#8220;Website&#8221;) is published by Immersion, a public limited company with a board of directors and share capital of 634 145 euros, registered in the Bordeaux Trade and Companies Register under number 394 879 308.<br>VAT Number: FR 22 394 879 308<br>Head office: 3-5, rue Raymond Lavigne \u2013 33100 Bordeaux &#8211; France<br>Phone: +33 5 57 54 17 00 Fax: +33 5 57 54 17 01 Email: info@immersion.fr<\/p>\n\n\n\n<p><strong>Director of publication<\/strong>: Christophe Chartier<\/p>\n\n\n\n<p><strong>Texts:<\/strong> Copywriter &#8211;&nbsp;<a href=\"http:\/\/redactographe.com\/\" target=\"_blank\" rel=\"noreferrer noopener\">redactographe.com<\/a><\/p>\n\n\n\n<p><strong>Translation:<\/strong> Moc Digital<\/p>\n\n\n\n<p><strong>Videos:<\/strong> Invert Prod \u2013 MC Monin<\/p>\n\n\n\n<p><strong>Photos:<\/strong> Christophe Brachet \u2013 MC Monin<\/p>\n\n\n\n<p><strong>Website<\/strong>: Fourmizz &#8211; <a href=\"https:\/\/www.fourmizz.fr\/\" target=\"_blank\" rel=\"noopener\">fourmizz.fr<\/a><\/p>\n\n\n\n<p><strong>Host<\/strong>: <\/p>\n\n\n\n<p>Company name : OVH<br>Legal form: Soci\u00e9t\u00e9 par Actions Simplifi\u00e9e<br>Head office: 2 rue Kellermann 59100 ROUBAIX<br>Share capital: 10.174.560 \u20ac<br>Siret: 424 761 419 00045 (Registre du Commerce et des Soci\u00e9t\u00e9s de Lille M\u00e9tropole)<br>Intracommunity VAT number: FR22424761419<br>Phone: +33 8 99 70 17 61<br>Email: support@ovh.net<\/p>\n\n\n\n<p><strong>Thanks to our customers:<\/strong><\/p>\n\n\n\n<ul class=\"wp-block-list\">\n<li>ArcelorMittal<\/li>\n\n\n\n<li>Bordeaux M\u00e9tropole Am\u00e9nagement<\/li>\n\n\n\n<li>CCI Bordeaux-Gironde<\/li>\n\n\n\n<li>ILIS &#8211; Facult\u00e9 d&#8217;Ing\u00e9nierie et Management de la Sant\u00e9.<\/li>\n\n\n\n<li>IRISA &#8211; Institut de Recherche en Informatique et Syst\u00e8mes Al\u00e9atoires<\/li>\n\n\n\n<li>IUT de Bordeaux<\/li>\n\n\n\n<li>Junia Bordeaux<\/li>\n\n\n\n<li>LIST &#8211; Luxembourg Institute of Science and Technology<\/li>\n\n\n\n<li>P\u00f4le Formation Adour<\/li>\n\n\n\n<li>Renault Design<\/li>\n\n\n\n<li>Singulair<\/li>\n<\/ul>\n\n\n\n<h2 class=\"wp-block-heading\">2. General terms of use of the Website and offered services.<\/h2>\n\n\n\n<p>The use of the site <a href=\"https:\/\/www.immersion.fr\/en\/\">www.immersion.fr<\/a> (hereinafter referred to as the &#8220;Website&#8221;)&nbsp;implies the full and complete acceptance of the general conditions of use described below. Any provision contrary to those contained in these terms and conditions of use shall be deemed unwritten, and if any clause is declared invalid or ineffective, the validity of the remaining clauses shall not be affected. The present legal notices and terms of use may be modified or added to at any time. Users of the Website (hereinafter referred to as the &#8220;Users&#8221;) are therefore invited to consult them regularly.<\/p>\n\n\n\n<p>Users should be able to access the Website at any time. However, Immersion may decide to interrupt access to the site due to technical maintenance. Users will be informed in advance of the dates and times of the maintenance work.<\/p>\n\n\n\n<p>In any event, Users may not claim any damages from Immersion in the event of inaccessibility of the Webite. Immersion reserves the right to refuse access to the Webite to any User at any time in the event of non-compliance by the latter with the general conditions of use, infringement of Immersion&#8217;s rights (in particular intellectual property rights) or the rights of third parties.<\/p>\n\n\n\n<h2 class=\"wp-block-heading\">3. Description of services provided.<\/h2>\n\n\n\n<p>The&nbsp;Website aims to provide information about all of Immersion\u2019s activities.<\/p>\n\n\n\n<p>Immersion tries to provide as accurate information as possible on the&nbsp;Website. However, it cannot be held responsible for any omissions, inaccuracies or deficiencies in updates, whether of its own doing or that of third parties who provide this information.<\/p>\n\n\n\n<p>Users of the Website are informed that all information on the Website has no contractual value and is provided for information purposes only, is not exhaustive and is subject to change.<\/p>\n\n\n\n<h2 class=\"wp-block-heading\">4. Limitation of liability.<\/h2>\n\n\n\n<p>The Website uses JavaScript technology<\/p>\n\n\n\n<p>In the event that the Website contains inaccuracies, omissions, errors or malfunctions, the User is invited to inform Immersion. The User is hereby informed that he\/she may not claim any damages from Immersion in the event of a defect and\/or malfunction of the Website.<br>Any content downloaded from the Website is done at the User&#8217;s own risk and under his sole responsibility. Consequently, Immersion cannot be held responsible for any damage suffered by the User or for any loss of data resulting from such downloading.<br>Furthermore, Immersion declines all responsibility in particular in the following cases:<\/p>\n\n\n\n<ul class=\"wp-block-list\">\n<li>malfunctioning of the Website User&#8217;s infrastructure (hardware, software, browser, operating system, etc.)<\/li>\n\n\n\n<li>malfunctions that may occur in the User&#8217;s network resources (bandwidth slowdown, Internet network congestion, etc.)<\/li>\n\n\n\n<li>service interruption due to maintenance operations or technical incidents<\/li>\n\n\n\n<li>system security (e.g. viruses)<\/li>\n\n\n\n<li>usurpation of the User&#8217;s identity.<\/li>\n<\/ul>\n\n\n\n<p>In general, Immersion cannot be held responsible for the consequences of the User&#8217;s violation of these general conditions of use.<\/p>\n\n\n\n<p>Interactive areas (possibility of asking questions in the contact area) are available to Users. Immersion reserves the right to delete, without prior notice, any content posted in this area that contravenes the legislation applicable in France, in particular provisions relating to data protection. Where applicable, Immersion also reserves the right to hold the User civilly and\/or criminally liable, particularly in the event of messages of a racist, insulting, defamatory or pornographic nature, whatever the medium used (text, photographs, etc.).<\/p>\n\n\n\n<h2 class=\"wp-block-heading\">5. Intellectual property and fraud.<\/h2>\n\n\n\n<p>Immersion owns the intellectual property rights or has the rights to use all the elements available on the Website, including trademarks, designs, models, texts, images, illustrations, photographs, graphics, logos, icons, sounds, videos, software and graphic guidelines.<\/p>\n\n\n\n<p>Any reproduction, representation, modification, publication, adaptation of all or part of the elements of the Website, whatever the means or the process used, is prohibited without the prior written permission of: Immersion.<\/p>\n\n\n\n<p>Any unauthorised use of the Website or any of the elements it contains will be considered as an infringement and prosecuted in accordance with the provisions of Articles L.335-2 and following of the Intellectual Property Code.<\/p>\n\n\n\n<h2 class=\"wp-block-heading\">6. Personal data management.<\/h2>\n\n\n\n<p>In France, personal data is protected in particular by Law n\u00b0 78-87 of 6 January, 1978, Law n\u00b0 2004-801 of 6 August, 2004, and the EU General Regulation No. EU 2016\/679 of April 27, 2016 on Data Protection (known as the RGPD) ,<\/p>\n\n\n\n<p>The Site&#8217;s privacy, personal data and cookie management policy can be accessed at the following URL: <a href=\"https:\/\/www.immersion.fr\/en\/privacy-policy\/\">https:\/\/www.immersion.fr\/en\/privacy-policy\/<\/a>.<\/p>\n\n\n\n<h2 class=\"wp-block-heading\">7. Hypertext links and cookies.<\/h2>\n\n\n\n<p>The&nbsp;Website contains a certain number of hypertext links to other sites, set up with the permission of Immersion. However, Immersion is unable to check the contents of sites visited in this way, and will not assume any liability as a result.<\/p>\n\n\n\n<h2 class=\"wp-block-heading\">8. Applicable law and allocation of jurisdiction.<\/h2>\n\n\n\n<p>Any dispute in connection with the use of the Website is subject to French law. In the event of a dispute with a professional, the action must be brought before the competent courts within the jurisdiction of the Bordeaux Court of Appeal. In the event of litigation with a consumer, the rules of territorial and jurisdictional competence of common law will apply.<\/p>\n","protected":false},"excerpt":{"rendered":"<p>1. Website presentation. The website www.immersion.fr (hereinafter referred to as the &#8220;Website&#8221;) is published by Immersion, a public limited company with a board of directors and share capital of 634 145 euros, registered in the Bordeaux Trade and Companies Register under number 394 879 308.VAT Number: FR 22 394 879 308Head office: 3-5, rue Raymond [&hellip;]<\/p>\n","protected":false},"author":1,"featured_media":0,"parent":0,"menu_order":30,"comment_status":"closed","ping_status":"closed","template":"page-mentions.php","meta":{"_acf_changed":false,"inline_featured_image":false,"footnotes":""},"class_list":["post-2411","page","type-page","status-publish","hentry"],"acf":[],"yoast_head":"<!-- This site is optimized with the Yoast SEO plugin v27.5 - https:\/\/yoast.com\/product\/yoast-seo-wordpress\/ -->\n<title>Legal notices and Terms of Use | Immersion<\/title>\n<meta name=\"robots\" content=\"index, follow, max-snippet:-1, max-image-preview:large, max-video-preview:-1\" \/>\n<link rel=\"canonical\" href=\"https:\/\/www.immersion.fr\/en\/legal-notices\/\" \/>\n<meta property=\"og:locale\" content=\"en_US\" \/>\n<meta property=\"og:type\" content=\"article\" \/>\n<meta property=\"og:title\" content=\"Legal notices and Terms of Use | Immersion\" \/>\n<meta property=\"og:description\" content=\"1. Website presentation. The website www.immersion.fr (hereinafter referred to as the &#8220;Website&#8221;) is published by Immersion, a public limited company with a board of directors and share capital of 634 145 euros, registered in the Bordeaux Trade and Companies Register under number 394 879 308.VAT Number: FR 22 394 879 308Head office: 3-5, rue Raymond [&hellip;]\" \/>\n<meta property=\"og:url\" content=\"https:\/\/www.immersion.fr\/en\/legal-notices\/\" \/>\n<meta property=\"og:site_name\" content=\"Immersion\" \/>\n<meta property=\"article:publisher\" content=\"https:\/\/www.facebook.com\/ImmersionTechnologies\/\" \/>\n<meta property=\"article:modified_time\" content=\"2026-04-24T08:13:47+00:00\" \/>\n<meta property=\"og:image\" content=\"https:\/\/www.immersion.fr\/wp-content\/uploads\/2023\/06\/logo-immersion-2.png\" \/>\n\t<meta property=\"og:image:width\" content=\"1200\" \/>\n\t<meta property=\"og:image:height\" content=\"675\" \/>\n\t<meta property=\"og:image:type\" content=\"image\/png\" \/>\n<meta name=\"twitter:card\" content=\"summary_large_image\" \/>\n<meta name=\"twitter:site\" content=\"@immersion3D\" \/>\n<meta name=\"twitter:label1\" content=\"Est. reading time\" \/>\n\t<meta name=\"twitter:data1\" content=\"6 minutes\" \/>\n<script type=\"application\/ld+json\" class=\"yoast-schema-graph\">{\"@context\":\"https:\\\/\\\/schema.org\",\"@graph\":[{\"@type\":\"WebPage\",\"@id\":\"https:\\\/\\\/www.immersion.fr\\\/en\\\/legal-notices\\\/\",\"url\":\"https:\\\/\\\/www.immersion.fr\\\/en\\\/legal-notices\\\/\",\"name\":\"Legal notices and Terms of Use | Immersion\",\"isPartOf\":{\"@id\":\"https:\\\/\\\/www.immersion.fr\\\/en\\\/#website\"},\"datePublished\":\"2023-03-13T09:51:19+00:00\",\"dateModified\":\"2026-04-24T08:13:47+00:00\",\"breadcrumb\":{\"@id\":\"https:\\\/\\\/www.immersion.fr\\\/en\\\/legal-notices\\\/#breadcrumb\"},\"inLanguage\":\"en-US\",\"potentialAction\":[{\"@type\":\"ReadAction\",\"target\":[\"https:\\\/\\\/www.immersion.fr\\\/en\\\/legal-notices\\\/\"]}]},{\"@type\":\"BreadcrumbList\",\"@id\":\"https:\\\/\\\/www.immersion.fr\\\/en\\\/legal-notices\\\/#breadcrumb\",\"itemListElement\":[{\"@type\":\"ListItem\",\"position\":1,\"name\":\"Home\",\"item\":\"https:\\\/\\\/www.immersion.fr\\\/en\\\/\"},{\"@type\":\"ListItem\",\"position\":2,\"name\":\"Legal notices and Terms of Use\"}]},{\"@type\":\"WebSite\",\"@id\":\"https:\\\/\\\/www.immersion.fr\\\/en\\\/#website\",\"url\":\"https:\\\/\\\/www.immersion.fr\\\/en\\\/\",\"name\":\"Immersion\",\"description\":\"Imagination, Interaction\",\"publisher\":{\"@id\":\"https:\\\/\\\/www.immersion.fr\\\/en\\\/#organization\"},\"potentialAction\":[{\"@type\":\"SearchAction\",\"target\":{\"@type\":\"EntryPoint\",\"urlTemplate\":\"https:\\\/\\\/www.immersion.fr\\\/en\\\/?s={search_term_string}\"},\"query-input\":{\"@type\":\"PropertyValueSpecification\",\"valueRequired\":true,\"valueName\":\"search_term_string\"}}],\"inLanguage\":\"en-US\"},{\"@type\":\"Organization\",\"@id\":\"https:\\\/\\\/www.immersion.fr\\\/en\\\/#organization\",\"name\":\"Immersion\",\"url\":\"https:\\\/\\\/www.immersion.fr\\\/en\\\/\",\"logo\":{\"@type\":\"ImageObject\",\"inLanguage\":\"en-US\",\"@id\":\"https:\\\/\\\/www.immersion.fr\\\/en\\\/#\\\/schema\\\/logo\\\/image\\\/\",\"url\":\"http:\\\/\\\/www.immersion.fr\\\/wp-content\\\/uploads\\\/2023\\\/06\\\/logo-immersion.png\",\"contentUrl\":\"http:\\\/\\\/www.immersion.fr\\\/wp-content\\\/uploads\\\/2023\\\/06\\\/logo-immersion.png\",\"width\":696,\"height\":696,\"caption\":\"Immersion\"},\"image\":{\"@id\":\"https:\\\/\\\/www.immersion.fr\\\/en\\\/#\\\/schema\\\/logo\\\/image\\\/\"},\"sameAs\":[\"https:\\\/\\\/www.facebook.com\\\/ImmersionTechnologies\\\/\",\"https:\\\/\\\/x.com\\\/immersion3D\",\"https:\\\/\\\/www.linkedin.com\\\/company\\\/immersion\\\/\",\"https:\\\/\\\/www.youtube.com\\\/immersion3D\",\"https:\\\/\\\/www.instagram.com\\\/immersiontechno\\\/\"]}]}<\/script>\n<!-- \/ Yoast SEO plugin. -->","yoast_head_json":{"title":"Legal notices and Terms of Use | Immersion","robots":{"index":"index","follow":"follow","max-snippet":"max-snippet:-1","max-image-preview":"max-image-preview:large","max-video-preview":"max-video-preview:-1"},"canonical":"https:\/\/www.immersion.fr\/en\/legal-notices\/","og_locale":"en_US","og_type":"article","og_title":"Legal notices and Terms of Use | Immersion","og_description":"1. Website presentation. The website www.immersion.fr (hereinafter referred to as the &#8220;Website&#8221;) is published by Immersion, a public limited company with a board of directors and share capital of 634 145 euros, registered in the Bordeaux Trade and Companies Register under number 394 879 308.VAT Number: FR 22 394 879 308Head office: 3-5, rue Raymond [&hellip;]","og_url":"https:\/\/www.immersion.fr\/en\/legal-notices\/","og_site_name":"Immersion","article_publisher":"https:\/\/www.facebook.com\/ImmersionTechnologies\/","article_modified_time":"2026-04-24T08:13:47+00:00","og_image":[{"width":1200,"height":675,"url":"https:\/\/www.immersion.fr\/wp-content\/uploads\/2023\/06\/logo-immersion-2.png","type":"image\/png"}],"twitter_card":"summary_large_image","twitter_site":"@immersion3D","twitter_misc":{"Est. reading time":"6 minutes"},"schema":{"@context":"https:\/\/schema.org","@graph":[{"@type":"WebPage","@id":"https:\/\/www.immersion.fr\/en\/legal-notices\/","url":"https:\/\/www.immersion.fr\/en\/legal-notices\/","name":"Legal notices and Terms of Use | Immersion","isPartOf":{"@id":"https:\/\/www.immersion.fr\/en\/#website"},"datePublished":"2023-03-13T09:51:19+00:00","dateModified":"2026-04-24T08:13:47+00:00","breadcrumb":{"@id":"https:\/\/www.immersion.fr\/en\/legal-notices\/#breadcrumb"},"inLanguage":"en-US","potentialAction":[{"@type":"ReadAction","target":["https:\/\/www.immersion.fr\/en\/legal-notices\/"]}]},{"@type":"BreadcrumbList","@id":"https:\/\/www.immersion.fr\/en\/legal-notices\/#breadcrumb","itemListElement":[{"@type":"ListItem","position":1,"name":"Home","item":"https:\/\/www.immersion.fr\/en\/"},{"@type":"ListItem","position":2,"name":"Legal notices and Terms of Use"}]},{"@type":"WebSite","@id":"https:\/\/www.immersion.fr\/en\/#website","url":"https:\/\/www.immersion.fr\/en\/","name":"Immersion","description":"Imagination, Interaction","publisher":{"@id":"https:\/\/www.immersion.fr\/en\/#organization"},"potentialAction":[{"@type":"SearchAction","target":{"@type":"EntryPoint","urlTemplate":"https:\/\/www.immersion.fr\/en\/?s={search_term_string}"},"query-input":{"@type":"PropertyValueSpecification","valueRequired":true,"valueName":"search_term_string"}}],"inLanguage":"en-US"},{"@type":"Organization","@id":"https:\/\/www.immersion.fr\/en\/#organization","name":"Immersion","url":"https:\/\/www.immersion.fr\/en\/","logo":{"@type":"ImageObject","inLanguage":"en-US","@id":"https:\/\/www.immersion.fr\/en\/#\/schema\/logo\/image\/","url":"http:\/\/www.immersion.fr\/wp-content\/uploads\/2023\/06\/logo-immersion.png","contentUrl":"http:\/\/www.immersion.fr\/wp-content\/uploads\/2023\/06\/logo-immersion.png","width":696,"height":696,"caption":"Immersion"},"image":{"@id":"https:\/\/www.immersion.fr\/en\/#\/schema\/logo\/image\/"},"sameAs":["https:\/\/www.facebook.com\/ImmersionTechnologies\/","https:\/\/x.com\/immersion3D","https:\/\/www.linkedin.com\/company\/immersion\/","https:\/\/www.youtube.com\/immersion3D","https:\/\/www.instagram.com\/immersiontechno\/"]}]}},"_links":{"self":[{"href":"https:\/\/www.immersion.fr\/en\/wp-json\/wp\/v2\/pages\/2411","targetHints":{"allow":["GET"]}}],"collection":[{"href":"https:\/\/www.immersion.fr\/en\/wp-json\/wp\/v2\/pages"}],"about":[{"href":"https:\/\/www.immersion.fr\/en\/wp-json\/wp\/v2\/types\/page"}],"author":[{"embeddable":true,"href":"https:\/\/www.immersion.fr\/en\/wp-json\/wp\/v2\/users\/1"}],"replies":[{"embeddable":true,"href":"https:\/\/www.immersion.fr\/en\/wp-json\/wp\/v2\/comments?post=2411"}],"version-history":[{"count":4,"href":"https:\/\/www.immersion.fr\/en\/wp-json\/wp\/v2\/pages\/2411\/revisions"}],"predecessor-version":[{"id":13890,"href":"https:\/\/www.immersion.fr\/en\/wp-json\/wp\/v2\/pages\/2411\/revisions\/13890"}],"wp:attachment":[{"href":"https:\/\/www.immersion.fr\/en\/wp-json\/wp\/v2\/media?parent=2411"}],"curies":[{"name":"wp","href":"https:\/\/api.w.org\/{rel}","templated":true}]}}